{"id":1051,"date":"2011-09-28T12:32:09","date_gmt":"2011-09-28T12:32:09","guid":{"rendered":"http:\/\/frmtkd.wordpress.com\/?page_id=18"},"modified":"2011-09-28T12:32:09","modified_gmt":"2011-09-28T12:32:09","slug":"%d8%a7%d9%84%d8%a5%d8%af%d8%a7%d8%b1%d8%a9-3","status":"publish","type":"page","link":"https:\/\/frmtkd.net\/ar\/%d8%a7%d9%84%d8%a5%d8%af%d8%a7%d8%b1%d8%a9-3\/","title":{"rendered":"\u0627\u0644\u0625\u062f\u0627\u0631\u0629"},"content":{"rendered":"<p>: \u0627\u0644\u0639\u0646\u0648\u0627\u0646 \u0634\u0627\u0631\u0639 \u0627\u0628\u0646 \u0633\u064a\u0646\u0627 . \u0645\u0642\u0631 \u0627\u0644\u062c\u0627\u0645\u0639\u0627\u062a &#8211; \u0623\u0643\u062f\u0627\u0644 &#8211; \u0627\u0644\u0631\u0628\u0627\u0637 \u0635\u0646\u062f\u0648\u0642 \u0627\u0644\u0628\u0631\u064a\u062f : 334 \u0627\u0644\u0631\u0628\u0627\u0637 \u0627\u0644\u0645\u0631\u0643\u0632\u064a \u0627\u0644\u0639\u0646\u0648\u0627\u0646 \u0627\u0644\u0625\u0644\u0643\u062a\u0631\u0648\u0646\u064a <a href=\"mailto:frmtk@hotmail.com\">frmtk@hotmail.com<\/a><br \/>\n\u064d\u064eF\u00e9deration Royale Marocaine de Taekwondo Adresse : AV Ibn Sina si\u00e9ges des F\u00e9derations Agdal Rabat &#8230;.. Maroc Boite Postale: 334 Rabat principale<br \/>\nEmail : frmtk@hotmail.com<br \/>\n\u0647\u0648\u0627\u062a\u0641 \u0631\u0647\u0646 \u0625\u0634\u0627\u0631\u062a\u0643\u0645 :<br \/>\n<a href=\"http:\/\/frmtkd.files.wordpress.com\/2011\/09\/phone.jpg\"><img loading=\"lazy\" decoding=\"async\" class=\"alignright size-full wp-image-340\" title=\"phone\" src=\"http:\/\/frmtkd.files.wordpress.com\/2011\/09\/phone.jpg\" alt=\"\" width=\"160\" height=\"247\" \/><\/a><\/p>\n<h3>FIX : +212.5.37.67.01.39<\/h3>\n<h3>FAX :+212.5.37.02.06<\/h3>\n<p>&nbsp;<br \/>\n<strong>\u0634\u0627\u0631\u0639 \u0625\u0628\u0646 \u0633\u064a\u0646\u0627 \u0645\u0642\u0631 \u0627\u0644\u062c\u0627\u0645\u0639\u0627\u062a- \u0627\u0643\u062f\u0627\u0644- \u0627\u0644\u0631\u0628\u0627\u0637- \u0635.\u0628 334 \u0627\u0644\u0647\u0627\u062a\u0641<\/strong><strong>\u00a0212.6 61 19 46 38\/212.5.37.67.01.39 <\/strong><strong>\u2013 \u0627\u0644\u0641\u0627\u0643\u0633:212.5.37.67.02.06 \u0627\u0644\u0647\u0627\u062a\u0641 : 212.5.37.67.01.39<\/strong><br \/>\n<strong>Site web\u00a0: frmtkd.on.ma \u2013 fedrmtaekwondo.tk<\/strong><br \/>\n<strong>Email : frmtk@hotmail.com\/ mtu.president@hotmail.fr\/mtu.president@gmail.com<\/strong><\/p>\n","protected":false},"excerpt":{"rendered":"<p>: \u0627\u0644\u0639\u0646\u0648\u0627\u0646 \u0634\u0627\u0631\u0639 \u0627\u0628\u0646 \u0633\u064a\u0646\u0627 . \u0645\u0642\u0631 \u0627\u0644\u062c\u0627\u0645\u0639\u0627\u062a &#8211; \u0623\u0643\u062f\u0627\u0644 &#8211; \u0627\u0644\u0631\u0628\u0627\u0637 \u0635\u0646\u062f\u0648\u0642 \u0627\u0644\u0628\u0631\u064a\u062f : 334 \u0627\u0644\u0631\u0628\u0627\u0637 \u0627\u0644\u0645\u0631\u0643\u0632\u064a \u0627\u0644\u0639\u0646\u0648\u0627\u0646 \u0627\u0644\u0625\u0644\u0643\u062a\u0631\u0648\u0646\u064a frmtk@hotmail.com \u064d\u064eF\u00e9deration Royale Marocaine de Taekwondo Adresse : AV Ibn&hellip;<\/p>\n","protected":false},"author":1,"featured_media":0,"parent":0,"menu_order":0,"comment_status":"open","ping_status":"closed","template":"","meta":{"rs_blank_template":"","rs_page_bg_color":"","slide_template_v7":"","ngg_post_thumbnail":0,"footnotes":""},"class_list":["post-1051","page","type-page","status-publish","hentry"],"_links":{"self":[{"href":"https:\/\/frmtkd.net\/ar\/wp-json\/wp\/v2\/pages\/1051","targetHints":{"allow":["GET"]}}],"collection":[{"href":"https:\/\/frmtkd.net\/ar\/wp-json\/wp\/v2\/pages"}],"about":[{"href":"https:\/\/frmtkd.net\/ar\/wp-json\/wp\/v2\/types\/page"}],"author":[{"embeddable":true,"href":"https:\/\/frmtkd.net\/ar\/wp-json\/wp\/v2\/users\/1"}],"replies":[{"embeddable":true,"href":"https:\/\/frmtkd.net\/ar\/wp-json\/wp\/v2\/comments?post=1051"}],"version-history":[{"count":0,"href":"https:\/\/frmtkd.net\/ar\/wp-json\/wp\/v2\/pages\/1051\/revisions"}],"wp:attachment":[{"href":"https:\/\/frmtkd.net\/ar\/wp-json\/wp\/v2\/media?parent=1051"}],"curies":[{"name":"wp","href":"https:\/\/api.w.org\/{rel}","templated":true}]}}